{"id":39,"date":"2018-10-11T11:36:22","date_gmt":"2018-10-11T11:36:22","guid":{"rendered":"http:\/\/s756247379.online.de\/?page_id=39"},"modified":"2021-01-03T13:05:04","modified_gmt":"2021-01-03T13:05:04","slug":"impressum-u-a-m","status":"publish","type":"page","link":"https:\/\/juni-consult.de\/?page_id=39","title":{"rendered":"Impressum und mehr"},"content":{"rendered":"<p><strong><img loading=\"lazy\" decoding=\"async\" class=\"aligncenter wp-image-28\" src=\"https:\/\/juni-consult.de\/wp-content\/uploads\/2018\/10\/Firmenschild_1-1024x576.jpg\" alt=\"\" width=\"556\" height=\"313\" srcset=\"https:\/\/juni-consult.de\/wp-content\/uploads\/2018\/10\/Firmenschild_1-1024x576.jpg 1024w, https:\/\/juni-consult.de\/wp-content\/uploads\/2018\/10\/Firmenschild_1-300x169.jpg 300w, https:\/\/juni-consult.de\/wp-content\/uploads\/2018\/10\/Firmenschild_1-768x432.jpg 768w, https:\/\/juni-consult.de\/wp-content\/uploads\/2018\/10\/Firmenschild_1.jpg 1348w\" sizes=\"auto, (max-width: 556px) 100vw, 556px\" \/><\/strong><\/p>\n<p><strong>Anbieter:\u00a0\u00a0 JUN.i Institut f\u00fcr Jagd Umwelt und Naturschutz GmbH<\/strong><\/p>\n<p><strong>Gesch\u00e4ftsf\u00fchrer:\u00a0 Dr. Wolfgang Lipps<\/strong><\/p>\n<p><strong>Anschrift:\u00a0\u00a0 Neue Parsteiner Strasse &#8211; Vorwerk 1 in 16248 Liepe<\/strong><\/p>\n<p><strong>Registergericht:\u00a0\u00a0 Amtsgericht Frankfurt\/Oder<\/strong><\/p>\n<p><strong>HRB:\u00a0\u00a0 12648 FF<\/strong><\/p>\n<p><strong>Steuernummer: \u00a0\u00a0065\/111\/04260<\/strong><\/p>\n<p><strong>Mail direkt: doclipps@googlemail.com<\/strong><\/p>\n<p><strong>Institut: institut@jagdrechtsblog.com<\/strong><\/p>\n<p><strong>Den Haftungsausschluss finden Sie in der Rubrik \u201cImpressum\u201d bei <a href=\"http:\/\/www.jagdrechtsblog.de\" target=\"_blank\" rel=\"noopener noreferrer\">JUN.i Institut f\u00fcr Jagd Umwelt und Naturschutz GmbH.<\/a><\/strong><\/p>\n<h3 align=\"center\"><strong><em>Datenschutzerkl\u00e4rung<\/em><\/strong><\/h3>\n<p align=\"center\"><strong><em>der<\/em><\/strong><\/p>\n<p align=\"center\"><strong><em>JUN.i Institut f\u00fcr Jagd Umwelt und Naturschutz GmbH,<\/em><\/strong><\/p>\n<p align=\"center\"><strong><em>hier f\u00fcr:<\/em><\/strong><\/p>\n<p align=\"center\"><strong><em>JUN.i Consult<\/em><\/strong><\/p>\n<p><em>Der Schutz Ihrer Privatsph\u00e4re bei der Verwendung unserer Website ist im neuen deutschen Bundesdatenschutzgesetz (BDSG 18) nach Ma\u00dfgabe der am 25.05.2018 in Kraft getretenen EU-Datenschutz-Grundverordnung (EU DS-GVO) neu und verbindlich gesetzlich geregelt. Deshalb informieren wir Sie nachfolgend \u00fcber die Erhebung personenbezogener Daten unserer website.<\/em><\/p>\n<p><strong><em>Erhebung und Verarbeitung personenbezogener Daten<\/em><\/strong><\/p>\n<p><em>Sie k\u00f6nnen unsere Website grunds\u00e4tzlich anonym besuchen, d.h. ohne uns mitzuteilen, wer Sie sind. Wenn Sie Website besuchen, verarbeitet jedoch unser Webserver standardm\u00e4\u00dfig Daten wie folgt:<\/em><\/p>\n<p><strong><em>Zugriffsdaten<\/em><\/strong><\/p>\n<p><em>Wir erheben aufgrund unseres berechtigten Interesses (s. Art. 6 Abs. 1 lit. f. DSGVO) Daten \u00fcber Zugriffe auf unsere und speichern diese u. a. als \u201eServer-Logfiles\u201c auf dem Server der Website ab. Folgende Daten werden so protokolliert:<\/em><\/p>\n<ul>\n<li><em>Besuchte Website<\/em><\/li>\n<li><em>Uhrzeit zum Zeitpunkt des Zugriffes<\/em><\/li>\n<li><em>Menge der gesendeten Daten in Byte<\/em><\/li>\n<li><em>Quelle\/Verweis, wie Sie auf die Seite gelangten<\/em><\/li>\n<li><em>Verwendeter Browser<\/em><\/li>\n<li><em>Verwendetes Betriebssystem<\/em><\/li>\n<li><em>Verwendete IP-Adresse<\/em><\/li>\n<\/ul>\n<p><em>Die Server-Logfiles werden f\u00fcr maximal 7 Tage gespeichert und anschlie\u00dfend gel\u00f6scht. Die Speicherung der Daten erfolgt aus Sicherheitsgr\u00fcnden, um z. B. Missbrauchsf\u00e4lle aufkl\u00e4ren zu k\u00f6nnen. M\u00fcssen Daten aus Beweisgr\u00fcnden aufgehoben werden, sind sie solange von der L\u00f6schung ausgenommen bis der Vorfall endg\u00fcltig gekl\u00e4rt ist.<\/em><\/p>\n<p><em>Wir erheben, nutzen und geben Ihre personenbezogenen Daten nur dann weiter, wenn dies im gesetzlichen Rahmen erlaubt ist oder Sie in die Datenerhebung einwilligen. Nehmen Sie mit uns als Websitebetreiber oder als Dienstleister im Rahmen unseres Gesch\u00e4ftsbetriebes durch die angebotenen Kontaktm\u00f6glichkeiten oder in sonstiger Weise Verbindung auf, werden Ihre Angaben gespeichert, damit auf diese zur Bearbeitung und Beantwortung Ihrer Anfrage zur\u00fcckgegriffen werden kann. Ohne Ihre Einwilligung werden diese Daten nicht an Dritte weitergegeben.<\/em><\/p>\n<p><em>Als personenbezogene Daten hierf\u00fcr gelten s\u00e4mtliche Informationen, welche dazu dienen, Ihre Person zu bestimmen und welche zu Ihnen zur\u00fcckverfolgt \u00a0werden k\u00f6nnen \u2013 also beispielsweise Ihr Name, Ihre E-Mail-Adresse und Telefonnummer.<\/em><\/p>\n<p><strong><em>Reichweitenmessung &amp; Cookies<\/em><\/strong><\/p>\n<p><em>Diese Website verwendet Cookies zur pseudonymisierten Reichweitenmessung, die entweder von unserem Server oder dem Server Dritter an den Browser des Nutzers \u00fcbertragen werden. Bei Cookies handelt es sich um kleine Dateien, welche auf Ihrem Endger\u00e4t gespeichert werden. Ihr Browser greift auf diese Dateien zu. Durch den Einsatz von Cookies erh\u00f6ht sich die Benutzerfreundlichkeit und Sicherheit dieser Website.<\/em><\/p>\n<p><em>Falls Sie nicht m\u00f6chten, dass Cookies zur Reichweitenmessung auf Ihrem Endger\u00e4t gespeichert werden, k\u00f6nnen Sie dem Einsatz dieser Dateien durch Email an uns widersprechen.<\/em><\/p>\n<p><strong><em>Rechte des Nutzers<\/em><\/strong><\/p>\n<p><em>Sie haben als Nutzer das Recht, auf Antrag eine kostenlose Auskunft dar\u00fcber zu erhalten, welche personenbezogenen Daten \u00fcber Sie gespeichert wurden. Sie haben au\u00dferdem das Recht auf Berichtigung falscher Daten und auf die Verarbeitungseinschr\u00e4nkung oder L\u00f6schung Ihrer personenbezogenen Daten. Falls zutreffend, k\u00f6nnen Sie auch Ihr Recht auf Datenportabilit\u00e4t geltend machen. Sollten Sie annehmen, dass Ihre Daten unrechtm\u00e4\u00dfig verarbeitet wurden, k\u00f6nnen Sie eine Beschwerde bei der zust\u00e4ndigen Aufsichtsbeh\u00f6rde einreichen.<\/em><\/p>\n<p><strong><em>L\u00f6schung von Daten<\/em><\/strong><\/p>\n<p><em>Sofern Ihr Wunsch nicht mit einer gesetzlichen Pflicht zur Aufbewahrung von Daten (z. B. Vorratsdatenspeicherung, Besteuerung usw.) kollidiert, haben Sie ein Anrecht auf L\u00f6schung Ihrer Daten. Von uns gespeicherte Daten werden, sollten sie f\u00fcr ihre Zweckbestimmung nicht mehr vonn\u00f6ten sein und es keine gesetzlichen Aufbewahrungsfristen geben, gel\u00f6scht. Falls eine L\u00f6schung nicht durchgef\u00fchrt werden kann, da die Daten f\u00fcr zul\u00e4ssige gesetzliche Zwecke erforderlich sind, erfolgt eine Einschr\u00e4nkung der Datenverarbeitung. In diesem Fall werden die Daten gesperrt und nicht f\u00fcr andere Zwecke verarbeitet.<\/em><\/p>\n<p><strong><em>Widerspruchsrecht<\/em><\/strong><\/p>\n<p><em>Nutzer dieser Website k\u00f6nnen von ihrem Widerspruchsrecht Gebrauch machen und der Verarbeitung ihrer personenbezogenen Daten zu jeder Zeit widersprechen. Wenn Sie eine Berichtigung, Sperrung, L\u00f6schung oder Auskunft \u00fcber die zu Ihrer Person gespeicherten personenbezogenen Daten w\u00fcnschen oder Fragen bzgl. der Erhebung, Verarbeitung oder Verwendung Ihrer personenbezogenen Daten haben oder erteilte Einwilligungen widerrufen m\u00f6chten, wenden Sie sich bitte an folgende E-Mail-Adresse:<\/em> <a href=\"mailto:doclipps@googlemail.com\"><em>doclipps@googlemail.com<\/em><\/a><em>.<\/em><\/p>\n<p><strong><em>Datenschutzbeauftragter<\/em><\/strong><\/p>\n<p><em>Dr. Wolfgang Lipps, 16248 Liepe, Neue Parsteiner Str. 3 (Vorwerk), 0171 317 55 23, doclipps@googlemail.com.<\/em><\/p>\n","protected":false},"excerpt":{"rendered":"<p>Anbieter:\u00a0\u00a0 JUN.i Institut f\u00fcr Jagd Umwelt und Naturschutz GmbH Gesch\u00e4ftsf\u00fchrer:\u00a0 Dr. Wolfgang Lipps Anschrift:\u00a0\u00a0 Neue Parsteiner Strasse &#8211; Vorwerk 1<\/p>\n","protected":false},"author":1,"featured_media":0,"parent":0,"menu_order":6,"comment_status":"closed","ping_status":"closed","template":"","meta":{"colormag_page_container_layout":"default_layout","colormag_page_sidebar_layout":"default_layout","footnotes":""},"class_list":["post-39","page","type-page","status-publish","hentry"],"_links":{"self":[{"href":"https:\/\/juni-consult.de\/index.php?rest_route=\/wp\/v2\/pages\/39","targetHints":{"allow":["GET"]}}],"collection":[{"href":"https:\/\/juni-consult.de\/index.php?rest_route=\/wp\/v2\/pages"}],"about":[{"href":"https:\/\/juni-consult.de\/index.php?rest_route=\/wp\/v2\/types\/page"}],"author":[{"embeddable":true,"href":"https:\/\/juni-consult.de\/index.php?rest_route=\/wp\/v2\/users\/1"}],"replies":[{"embeddable":true,"href":"https:\/\/juni-consult.de\/index.php?rest_route=%2Fwp%2Fv2%2Fcomments&post=39"}],"version-history":[{"count":8,"href":"https:\/\/juni-consult.de\/index.php?rest_route=\/wp\/v2\/pages\/39\/revisions"}],"predecessor-version":[{"id":342,"href":"https:\/\/juni-consult.de\/index.php?rest_route=\/wp\/v2\/pages\/39\/revisions\/342"}],"wp:attachment":[{"href":"https:\/\/juni-consult.de\/index.php?rest_route=%2Fwp%2Fv2%2Fmedia&parent=39"}],"curies":[{"name":"wp","href":"https:\/\/api.w.org\/{rel}","templated":true}]}}