{"id":36,"date":"2018-10-11T11:36:22","date_gmt":"2018-10-11T11:36:22","guid":{"rendered":"http:\/\/s756247379.online.de\/?page_id=36"},"modified":"2021-05-15T04:15:26","modified_gmt":"2021-05-15T04:15:26","slug":"unsere-leistungen-2","status":"publish","type":"page","link":"https:\/\/juni-consult.de\/?page_id=36","title":{"rendered":"Unsere Leistungen"},"content":{"rendered":"<h3><strong>JUN<\/strong><strong>.i-Consult bietet Dienste insbesondere, aber nicht nur, in folgenden Lebensbereichen an:<\/strong><\/h3>\n<p><strong>Unternehmer-\/ Unternehmensberatung:<\/strong><\/p>\n<p>Als Wirtschafts- und Unternehmeranw\u00e4lte hatten es unsere Partner ihr ganzes berufliches Leben lang mit komplexen Sachverhalten bei Unternehmern und deren Unternehmen zu tun. Sie mussten dabei alle Lebensumst\u00e4nde ber\u00fccksichtigen, sich aber auf das rein Rechtliche beschr\u00e4nken. <strong>Streitigkeiten unter Gesellschaftern, Unstimmigkeiten mit dem Gesch\u00e4ftsf\u00fchrer, die Unf\u00e4higkeit der Kommunikation untereinander oder mit Mitarbeitern, Unruhe in der Arbeitnehmerschaft, Probleme mit Banken, fehlende Vorstellungen \u00fcber die Unternehmensnachfolge, Umstrukturierungen, Innovationsstrategien, Finanzierungsfragen und andere fachliche Entscheidungen<\/strong> haben aber nicht nur rechtliche Implikationen, sondern brauchen zu ihrer L\u00f6sung h\u00e4ufig auch <strong>au\u00dferrechtliche Beratung, Assistenz \u00a0und aktive Mitwirkung<\/strong>. Diese Leistungen bieten wir an. F\u00fcr die rein rechtlichen Fragen werden, sofern n\u00f6tig, erfahrene und kompetente Rechtsanw\u00e4lte hinzugezogen.<\/p>\n<p><strong>Fremdsprachendienst Englisch<\/strong><\/p>\n<p>Fremdsprachen sind unerl\u00e4sslich, in jedem Falle die Beherrschung der englischen Sprache. Wir bieten Ihnen zertifizierte \u00dcbersetzerleistungen in Englisch\/Deutsch an.<\/p>\n<p><strong>Datensicherheit und Risikovorsorge<\/strong><\/p>\n<p>Es ist inzwischen allgemein bekannt, dass jedes Unternehmen seine Daten sichern muss. Das dient nicht nur dem Unternehmen selbst, sondern ist auch wichtig, um Risiken zu vermeiden, die sich z. B. daraus ergeben k\u00f6nnen, dass sensible Daten von Kunden &#8222;abgegriffen&#8220; werden. Wir arbeiten in unserem Netzwerk eng mit den richtigen Partnern zusammen &#8211; s. dazu <a href=\"http:\/\/www.datensicherheit.de\" target=\"_blank\" rel=\"noopener noreferrer\">www.datensicherheit.de<\/a>. Insbesondere beraten wir nunmehr auf dem Gebiet der Datenverarbeitung nach der <strong>DSGVO<\/strong> (DatenschutzgrundVO), die seit dem 28. Mai 2018 anwendbares deutsches Recht ist, und schulen Untermehmer auf diesem Gebiet.<\/p>\n<p><strong>Mediation<\/strong><\/p>\n<p>Streitigkeiten vor Gericht werden immer teurer und nehmen, nicht zuletzt wegen der Rechtsschutzversicherungen oft auf beiden Seiten, immer mehr zu. Sie ziehen sich zuweilen jahrelang hin und das Ergebnis ist h\u00e4ufig genug f\u00fcr beide Seiten unbefriedigend. Eine vern\u00fcnftige Konfliktl\u00f6sung f\u00fcr alle Beteiligten bietet die Mediation. Dr. Lipps betreibt diese bereits im Jagdrecht (s. <a href=\"http:\/\/www.jagdrechtsblog.com\">Jagdrechtsblog<\/a>) und dar\u00fcber hinaus.<\/p>\n<p>Mediation bietet sich jedoch f\u00fcr nahezu alle Streitigkeiten an, denn jede Schlichtung ist schneller, billiger und besser, als der ausgefochtene Streit, weil sie letztlich von beiden der Parteien getragen wird.<\/p>\n<p>Wir bieten Ihnen diesen Service der Mediation an. Nutzen Sie diese Chance!<\/p>\n<p><strong>Grundst\u00fccksauktionen<\/strong><\/p>\n<p>Grundst\u00fccksauktionen sind oft erheblich besser und erfolgreicher als andere Verwertungsm\u00f6glichkeiten: das Mindestgebot, das immer auf einem gutachterlich ermittelten fairen Marktpreis beruht, ist in der Auktion steigerungsf\u00e4hig, erspart langwierige Verhandlungen, und das Grundst\u00fcck geht dann rasch an den wirklich Meistbietenden.<\/p>\n<p>Unser Netzwerkpartner <strong>Dr. Klaus Nelle<\/strong> ist seit 1985 gewerblich zugelassener Auktionator f\u00fcr \u201efremde Grundst\u00fccke und fremde grundst\u00fccksgleiche Rechte sowie aller sonstigen fremden Rechte und fremder beweglicher Sachen\u201c.. Die Organisation und die Auktion werden mit ihm zusammen von JUN.i Consult durchgef\u00fchrt. Diese l\u00e4sst die Objekte begutachten, bereitet alle notariellen Vertr\u00e4ge vor, vereinbart mit dem Interessenten das Auktionslimit und erstellt die notwendige Dokumentation<\/p>\n","protected":false},"excerpt":{"rendered":"<p>JUN.i-Consult bietet Dienste insbesondere, aber nicht nur, in folgenden Lebensbereichen an: Unternehmer-\/ Unternehmensberatung: Als Wirtschafts- und Unternehmeranw\u00e4lte hatten es unsere<\/p>\n","protected":false},"author":1,"featured_media":0,"parent":0,"menu_order":3,"comment_status":"closed","ping_status":"closed","template":"","meta":{"colormag_page_container_layout":"default_layout","colormag_page_sidebar_layout":"default_layout","footnotes":""},"class_list":["post-36","page","type-page","status-publish","hentry"],"_links":{"self":[{"href":"https:\/\/juni-consult.de\/index.php?rest_route=\/wp\/v2\/pages\/36","targetHints":{"allow":["GET"]}}],"collection":[{"href":"https:\/\/juni-consult.de\/index.php?rest_route=\/wp\/v2\/pages"}],"about":[{"href":"https:\/\/juni-consult.de\/index.php?rest_route=\/wp\/v2\/types\/page"}],"author":[{"embeddable":true,"href":"https:\/\/juni-consult.de\/index.php?rest_route=\/wp\/v2\/users\/1"}],"replies":[{"embeddable":true,"href":"https:\/\/juni-consult.de\/index.php?rest_route=%2Fwp%2Fv2%2Fcomments&post=36"}],"version-history":[{"count":4,"href":"https:\/\/juni-consult.de\/index.php?rest_route=\/wp\/v2\/pages\/36\/revisions"}],"predecessor-version":[{"id":399,"href":"https:\/\/juni-consult.de\/index.php?rest_route=\/wp\/v2\/pages\/36\/revisions\/399"}],"wp:attachment":[{"href":"https:\/\/juni-consult.de\/index.php?rest_route=%2Fwp%2Fv2%2Fmedia&parent=36"}],"curies":[{"name":"wp","href":"https:\/\/api.w.org\/{rel}","templated":true}]}}