{"id":35,"date":"2018-10-11T11:36:22","date_gmt":"2018-10-11T11:36:22","guid":{"rendered":"http:\/\/s756247379.online.de\/?page_id=35"},"modified":"2019-12-29T12:35:56","modified_gmt":"2019-12-29T12:35:56","slug":"das-beraterteam","status":"publish","type":"page","link":"https:\/\/juni-consult.de\/?page_id=35","title":{"rendered":"Das Beraterteam"},"content":{"rendered":"<div class=\"n module-type-text diyfeLiveArea \">\n<p><strong>1. <a href=\"http:\/\/www.jagdrechtsblog.de\" target=\"_blank\" rel=\"noopener noreferrer\">JUN.i Institut f\u00fcr Jagd Umwelt und Naturschutz <u>G<\/u><\/a><u>mbH<\/u><\/strong><\/p>\n<p>Das Institut mit seinem Netzwerk arbeitet und forscht unter der Leitung von Dr. Wolfgang Lipps seit Jahren auf den Gebieten des Jagdwesens, des Umwelt- und Naturschutzes und der erneuerbaren Energien, erstellt Gutachten, f\u00f6rdert und betreibt Projekte und f\u00fchrt Beratungen, Seminare, workshops, Ausbildungsveranstaltungen und die Mediation auf damit verbundenen Konfliktfeldern durch. Mit der Erstreckung eines Teiles seiner Kompetenzen auf die Unternehmensberatung im weitesten Sinne setzt das Institut eine bereits seit Jahren eingetretene Entwicklung hin zu einem spezialisierten Beratungsunternehmen f\u00fcr nachhaltiges Wirtschaften fort.<\/p>\n<p>Mehr erfahren Sie unter unserer <a href=\"http:\/\/www.jagdrechtsblog.com\">Instituts-website<\/a>.<\/p>\n<p><img loading=\"lazy\" decoding=\"async\" class=\"alignleft size-thumbnail wp-image-97\" src=\"https:\/\/juni-consult.de\/wp-content\/uploads\/2018\/10\/Portr\u00e4t_3_klein-150x150.jpg\" alt=\"\" width=\"150\" height=\"150\" \/><\/p>\n<p><strong>2. Dr. Wolfgang Lipps<\/strong><\/p>\n<\/div>\n<div class=\"n module-type-textWithImage diyfeLiveArea \">\n<div id=\"textWithImage-6679255\" class=\"clearover \">\n<div class=\"textwrapper\">\n<p>Dr. iur. utr. (Heidelberg), Diplom im Internationalen Recht (Jur. Fakult\u00e4t der Universit\u00e4t Paris). Mitglied der Auditeurs et Anciens Auditeurs der Akademie f\u00fcr Internationales Recht in Den Haag und Postgraduate der London School of Economics. Mitgliedschaften hielt und h\u00e4lt Dr. Lipps u. a. bei: Deutsche Steuerjuristische Gesellschaft, Studienvereinigung Kartellrecht, Deutscher Jagdrechtstag u.a.m.<\/p>\n<p>Dr. Lipps ist \u00f6ffentlich bestellter und vereidigter Dolmetscher f\u00fcr die englische Sprache.<\/p>\n<p>Er war Lehrstuhlassistent im europ\u00e4ischen und internationalen Wirtschaftsrecht und Justitiar in einem Industriebetrieb, danach Rechtsanwalt und Fachanwalt f\u00fcr Steuerrecht von 1968 bis 1983, danach Justitiar und Direktor einer schweizerischen Wirtschaftspr\u00fcfungsgesellschaft. Seit 1996 bis zum Eintritt in den Ruhestand im Oktober 2013 war er als Rechtsanwalt in Berlin t\u00e4tig und zwischenzeitlich Dozent an der HNE Hochschule f\u00fcr Nachhaltige Entwicklung in Eberswalde.<\/p>\n<p>Er ist Autor der Lehrb\u00fccher &#8222;Kartellrecht&#8220; (2. Aufl.) und &#8222;Au\u00dfensteuerrecht&#8220; (3. Aufl.) sowie zahlreicher Aufs\u00e4tze auf den Gebieten des Gesellschaftsrechts, Steuerrechts und Wettbewerbsrechts, und zweier Kommentare zum brandenburgischen und s\u00e4chsischen Landesjagdgesetz &#8211; s. dazu Rubrik &#8222;Publikationen&#8220;.<\/p>\n<\/div>\n<\/div>\n<\/div>\n<div class=\"n module-type-textWithImage diyfeLiveArea \">\n<div id=\"textWithImage-6679494\" class=\"clearover \">\n<div class=\"textwrapper\">\n<p><img loading=\"lazy\" decoding=\"async\" class=\" wp-image-96\" src=\"https:\/\/juni-consult.de\/wp-content\/uploads\/2018\/10\/Astrid-3.jpg\" alt=\"\" width=\"171\" height=\"198\" srcset=\"https:\/\/juni-consult.de\/wp-content\/uploads\/2018\/10\/Astrid-3.jpg 517w, https:\/\/juni-consult.de\/wp-content\/uploads\/2018\/10\/Astrid-3-260x300.jpg 260w\" sizes=\"auto, (max-width: 171px) 100vw, 171px\" \/><\/p>\n<p><strong>3. Astrid Lipps<\/strong><\/p>\n<p>Seit 1978 bis zu ihrem Eintritt in den Ruhestand Ende 2014 Rechtsanw\u00e4ltin in Berlin in Soziet\u00e4t mit Dr. Lipps; von 1987 bis 2013 Notarin mit einem \u00fcberwiegenden Anteil an Immobilien- und gesellschaftsrechtlichen Notariaten. Ihre \u00fcberwiegende T\u00e4tigkeit und der Schwerpunkt ihrer anwaltlichen Beratung lag im Wirtschaftsrecht, dort vor allem Gesellschaftsrecht, Handelsrecht, dem Recht der Umwandlung und Verschmelzung von Gesellschaften auch \u00fcber die Grenzen, ferner Arbeitsrecht sowohl auf der Unternehmerseite als auch auf Seiten der Arbeitnehmer. Wesentliche Arbeitsbereiche des Gesellschaftsrechts waren f\u00fcr sie insbesondere die Rechtsstellung der Organe der GmbH und der AG, Haftung von Organen und Aufsichtsr\u00e4ten, sowie Produkthaftung und alle damit verbundenen Fragen, nicht zuletzt zunehmend in den letzten Jahren Bank- und B\u00f6rsenrecht und Kapitalmarktrecht. Sie hat zwischenzeitlich auch unternehmerische Aufgaben insbesondere im Controlling in- und ausl\u00e4ndischer Gesellschaften wahrgenommen und dabei in erheblichem Ma\u00dfe auch wirtschaftliche Beratungsleistungen erbracht.<\/p>\n<p>Bereits neben ihrem Anwaltsberuf war Frau Lipps als zertifizierte Kigge-Trainerin t\u00e4tig und wird sich dieser Aufgabe in Zukunft verst\u00e4rkt widmen.<\/p>\n<p><strong>4. Neue Aufgaben<\/strong><\/p>\n<\/div>\n<\/div>\n<\/div>\n<div class=\"n module-type-text diyfeLiveArea \">\n<p>Nach langer und erfolgreicher T\u00e4tigkeit haben sich diese beiden Beratungspartner der <strong>JUN.<\/strong>i-Consult aus dem Anwaltsleben in den verdienten Ruhestand zur\u00fcckgezogen.<\/p>\n<p><strong>Aber ganz ohne Arbeit geht es nicht!<\/strong><\/p>\n<p>Deshalb haben sie entschieden, zusammen mit dem Institut einiges von dem, was sie an Kenntnissen, Wissen und unternehmerischer Erfahrung erworben haben und das im Alltag des Anwaltslebens zus\u00e4tzlich und au\u00dferhalb der reinen Rechtsberatung angewendet wurde, zu vertiefen und im Wege der Unternehmensberatung und somit des Angebots von Probleml\u00f6sungen weiterzugeben. Das, <strong>was wir auf den nachstehenden Seiten vorstellen<\/strong>, ist in erster Linie Lebensbew\u00e4ltigung im Gesch\u00e4ftsalltag, Hilfe bei unternehmerischen Problemen, Coaching in bestimmten Situationen, Streitschlichtung (Mediation) und sonstige Hilfeleistungen insbesondere auch im gesellschaftlichen Rahmen (Redenschreiben, Pers\u00f6nlichkeitsberatung etc.).<\/p>\n<h3 style=\"text-align: center;\"><strong>Fordern Sie uns!<\/strong><\/h3>\n<\/div>\n","protected":false},"excerpt":{"rendered":"<p>1. JUN.i Institut f\u00fcr Jagd Umwelt und Naturschutz GmbH Das Institut mit seinem Netzwerk arbeitet und forscht unter der Leitung<\/p>\n","protected":false},"author":1,"featured_media":0,"parent":0,"menu_order":2,"comment_status":"closed","ping_status":"closed","template":"","meta":{"colormag_page_container_layout":"default_layout","colormag_page_sidebar_layout":"default_layout","footnotes":""},"class_list":["post-35","page","type-page","status-publish","hentry"],"_links":{"self":[{"href":"https:\/\/juni-consult.de\/index.php?rest_route=\/wp\/v2\/pages\/35","targetHints":{"allow":["GET"]}}],"collection":[{"href":"https:\/\/juni-consult.de\/index.php?rest_route=\/wp\/v2\/pages"}],"about":[{"href":"https:\/\/juni-consult.de\/index.php?rest_route=\/wp\/v2\/types\/page"}],"author":[{"embeddable":true,"href":"https:\/\/juni-consult.de\/index.php?rest_route=\/wp\/v2\/users\/1"}],"replies":[{"embeddable":true,"href":"https:\/\/juni-consult.de\/index.php?rest_route=%2Fwp%2Fv2%2Fcomments&post=35"}],"version-history":[{"count":10,"href":"https:\/\/juni-consult.de\/index.php?rest_route=\/wp\/v2\/pages\/35\/revisions"}],"predecessor-version":[{"id":304,"href":"https:\/\/juni-consult.de\/index.php?rest_route=\/wp\/v2\/pages\/35\/revisions\/304"}],"wp:attachment":[{"href":"https:\/\/juni-consult.de\/index.php?rest_route=%2Fwp%2Fv2%2Fmedia&parent=35"}],"curies":[{"name":"wp","href":"https:\/\/api.w.org\/{rel}","templated":true}]}}